{"id":2,"date":"2015-09-18T15:18:43","date_gmt":"2015-09-18T13:18:43","guid":{"rendered":"httpssssss:\/\/hufon.webd.pro\/?page_id=2"},"modified":"2025-03-29T19:56:39","modified_gmt":"2025-03-29T18:56:39","slug":"przykladowa-strona","status":"publish","type":"page","link":"https:\/\/psychologkkozle.pl\/","title":{"rendered":"Untitled"},"content":{"rendered":"<h1 style=\"text-align: left;\"><span style=\"color: #000000;\">Psycholog z wieloletnim do\u015bwiadczeniem oferuje pomoc w sprawach rodzinnych, ma\u0142\u017ce\u0144skich oraz sytuacjach kryzysowych, a tak\u017ce prowadzi poradnictwo w zakresie wychowania i rozwoju dzieci. Gabinet znajduje si\u0119 w K\u0119dzierzynie-Ko\u017alu.<\/span><\/h1>\n","protected":false},"excerpt":{"rendered":"<p>Psycholog z wieloletnim do\u015bwiadczeniem oferuje pomoc w sprawach rodzinnych, ma\u0142\u017ce\u0144skich oraz sytuacjach kryzysowych, a tak\u017ce prowadzi poradnictwo w zakresie wychowania i rozwoju dzieci. Gabinet znajduje si\u0119 w K\u0119dzierzynie-Ko\u017alu.<\/p>\n","protected":false},"author":1,"featured_media":0,"parent":0,"menu_order":0,"comment_status":"open","ping_status":"open","template":"alt_homepage_bg_slider.php","meta":{"ngg_post_thumbnail":0,"footnotes":""},"class_list":["post-2","page","type-page","status-publish","hentry"],"_links":{"self":[{"href":"https:\/\/psychologkkozle.pl\/index.php\/wp-json\/wp\/v2\/pages\/2","targetHints":{"allow":["GET"]}}],"collection":[{"href":"https:\/\/psychologkkozle.pl\/index.php\/wp-json\/wp\/v2\/pages"}],"about":[{"href":"https:\/\/psychologkkozle.pl\/index.php\/wp-json\/wp\/v2\/types\/page"}],"author":[{"embeddable":true,"href":"https:\/\/psychologkkozle.pl\/index.php\/wp-json\/wp\/v2\/users\/1"}],"replies":[{"embeddable":true,"href":"https:\/\/psychologkkozle.pl\/index.php\/wp-json\/wp\/v2\/comments?post=2"}],"version-history":[{"count":5,"href":"https:\/\/psychologkkozle.pl\/index.php\/wp-json\/wp\/v2\/pages\/2\/revisions"}],"predecessor-version":[{"id":375,"href":"https:\/\/psychologkkozle.pl\/index.php\/wp-json\/wp\/v2\/pages\/2\/revisions\/375"}],"wp:attachment":[{"href":"https:\/\/psychologkkozle.pl\/index.php\/wp-json\/wp\/v2\/media?parent=2"}],"curies":[{"name":"wp","href":"https:\/\/api.w.org\/{rel}","templated":true}]}}